{"id":3227,"date":"2017-06-01T09:16:42","date_gmt":"2017-06-01T09:16:42","guid":{"rendered":"http:\/\/demoapus.com\/apushome\/?page_id=5"},"modified":"2023-04-30T08:30:00","modified_gmt":"2023-04-30T08:30:00","slug":"home-1","status":"publish","type":"page","link":"https:\/\/www.hayat-ist.com\/fa\/","title":{"rendered":"\u0635\u0641\u062d\u0647 \u0646\u062e\u0633\u062a"},"content":{"rendered":"<p>[vc_row full_width=&#8221;stretch_row_content&#8221;][vc_column][rev_slider_vc alias=&#8221;home1&#8243;][\/vc_column][\/vc_row][vc_row][vc_column][vc_row_inner el_class=&#8221;top-100&#8243;][vc_column_inner][vc_widget_sidebar sidebar_id=&#8221;search1_properties-sidebar&#8221;][\/vc_column_inner][\/vc_row_inner][vc_empty_space][vc_empty_space][\/vc_column][\/vc_row][vc_row css=&#8221;.vc_custom_1634699384339{margin-top: -25px !important;}&#8221;][vc_column][vc_empty_space height=&#8221;40px&#8221; el_class=&#8221;hidden-sm hidden-xs&#8221;][vc_empty_space height=&#8221;50px&#8221;][apus_title_heading descript=&#8221;\u0634\u0645\u0627 \u0645\u06cc \u062a\u0648\u0627\u0646\u06cc\u062f \u0686\u0646\u062f\u06cc\u0646 \u062f\u0633\u062a\u0647 \u0627\u0632 \u0645\u06a9\u0627\u0646 \u0647\u0627 \u0648 \u0634\u0647\u0631\u0647\u0627 \u0631\u0627 \u0628\u0631\u0627\u06cc \u0627\u0645\u0644\u0627\u06a9 \u0645\u0627 \u067e\u06cc\u062f\u0627 \u06a9\u0646\u06cc\u062f&#8221; style=&#8221;style_center_big&#8221;]\u067e\u0631\u0648\u0698\u0647 \u0647\u0627\u06cc \u0645\u0627[\/apus_title_heading][vc_empty_space height=&#8221;40px&#8221;][vc_row_inner][vc_column_inner width=&#8221;1\/3&#8243;][apus_location_banner image=&#8221;2859&#8243; location=&#8221;kucukcekmece&#8221; title=&#8221;K\u00fc\u00e7\u00fck\u00e7ekmece&#8221;][\/vc_column_inner][vc_column_inner width=&#8221;1\/3&#8243;][apus_location_banner image=&#8221;2861&#8243; location=&#8221;Avc\u0131lar&#8221; title=&#8221;Avc\u0131lar&#8221;][apus_location_banner image=&#8221;2862&#8243; location=&#8221;basaksehir&#8221; title=&#8221;Ba\u015fak\u015fehir&#8221;][\/vc_column_inner][vc_column_inner width=&#8221;1\/3&#8243;][apus_location_banner image=&#8221;2863&#8243; location=&#8221;beylikduzu&#8221; title=&#8221;Beyl\u0131kd\u00fcz\u00fc&#8221;][\/vc_column_inner][\/vc_row_inner][vc_row_inner][vc_column_inner width=&#8221;1\/3&#8243;][apus_location_banner location=&#8221;Esenyurt&#8221; title=&#8221;Esenyurt&#8221; image=&#8221;14696&#8243;][\/vc_column_inner][vc_column_inner width=&#8221;1\/3&#8243;][apus_location_banner location=&#8221;arnavutkoy&#8221; title=&#8221;Arnavutk\u00f6y&#8221; image=&#8221;14695&#8243;][\/vc_column_inner][vc_column_inner width=&#8221;1\/3&#8243;][apus_location_banner image=&#8221;2865&#8243; location=&#8221;sisli&#8221; title=&#8221;\u015ei\u015fli&#8221;][apus_location_banner image=&#8221;2866&#8243; location=&#8221;buyukcekmece&#8221; title=&#8221;B\u00fcy\u00fck\u00e7ekmece&#8221;][\/vc_column_inner][\/vc_row_inner][\/vc_column][\/vc_row][vc_row][vc_column width=&#8221;1\/2&#8243;][apus_location_banner image=&#8221;3631&#8243; location=&#8221;kadikoy&#8221; title=&#8221;Kad\u0131k\u00f6y&#8221;][\/vc_column][vc_column width=&#8221;1\/2&#8243;][apus_location_banner image=&#8221;3627&#8243; location=&#8221;uskudar&#8221; title=&#8221;\u00dcsk\u00fcdar&#8221;][\/vc_column][\/vc_row][vc_row][vc_column width=&#8221;1\/4&#8243;][apus_location_banner image=&#8221;3626&#8243; location=&#8221;umraniye&#8221; title=&#8221;\u00dcmraniye&#8221;][\/vc_column][vc_column width=&#8221;1\/4&#8243;][apus_location_banner image=&#8221;3619&#8243; location=&#8221;atasehir&#8221; title=&#8221;Ata\u015fehir&#8221;][\/vc_column][vc_column width=&#8221;1\/4&#8243;][apus_location_banner image=&#8221;3630&#8243; location=&#8221;kartal&#8221; title=&#8221;Kartal&#8221;][\/vc_column][vc_column width=&#8221;1\/4&#8243;][apus_location_banner image=&#8221;3620&#8243; location=&#8221;beykoz-istanbul&#8221; title=&#8221;Beykoz&#8221;][\/vc_column][\/vc_row][vc_row][vc_column width=&#8221;1\/2&#8243;][apus_location_banner image=&#8221;3642&#8243; location=&#8221;maltepe&#8221; title=&#8221;Maltepe&#8221;][\/vc_column][vc_column width=&#8221;1\/2&#8243;][apus_location_banner image=&#8221;11014&#8243; location=&#8221;pendik&#8221; title=&#8221;Pendik&#8221;][\/vc_column][\/vc_row][vc_row][vc_column width=&#8221;1\/2&#8243;][vc_row_inner][vc_column_inner width=&#8221;1\/2&#8243;][apus_location_banner image=&#8221;3640&#8243; location=&#8221;zeytinburnu&#8221; title=&#8221;Zeyt\u0131nburnu&#8221;][\/vc_column_inner][vc_column_inner width=&#8221;1\/2&#8243;][apus_location_banner image=&#8221;3641&#8243; location=&#8221;kagithane&#8221; title=&#8221;Kag\u0131thane&#8221;][\/vc_column_inner][\/vc_row_inner][vc_row_inner][vc_column_inner width=&#8221;1\/2&#8243;][apus_location_banner image=&#8221;3624&#8243; location=&#8221;bakirkoy&#8221; title=&#8221;Bak\u0131rk\u00f6y&#8221;][\/vc_column_inner][vc_column_inner width=&#8221;1\/2&#8243;][apus_location_banner image=&#8221;3621&#8243; location=&#8221;bagcilar&#8221; title=&#8221;Ba\u011fc\u0131lar&#8221;][\/vc_column_inner][\/vc_row_inner][vc_row_inner css=&#8221;.vc_custom_1611100238098{padding-top: 10px !important;padding-bottom: 10px !important;}&#8221;][vc_column_inner width=&#8221;1\/2&#8243; css=&#8221;.vc_custom_1611099003869{padding-top: 10px !important;padding-bottom: 10px !important;}&#8221;][apus_location_banner image=&#8221;3623&#8243; location=&#8221;besiktas&#8221; title=&#8221;Be\u015fikta\u015f&#8221;][\/vc_column_inner][vc_column_inner width=&#8221;1\/2&#8243; css=&#8221;.vc_custom_1611098998889{padding-top: 10px !important;padding-bottom: 10px !important;}&#8221;][apus_location_banner image=&#8221;3622&#8243; location=&#8221;bayrampasa&#8221; title=&#8221;Bayrampa\u015fa&#8221;][\/vc_column_inner][\/vc_row_inner][\/vc_column][vc_column width=&#8221;1\/2&#8243;][apus_location_banner image=&#8221;3636&#8243; location=&#8221;bahcelievler&#8221; title=&#8221;Bah\u00e7elivler&#8221;][\/vc_column][\/vc_row][vc_row][vc_column width=&#8221;1\/4&#8243;][apus_location_banner image=&#8221;3651&#8243; location=&#8221;beyoglu&#8221; title=&#8221;Beyo\u011flu&#8221;][\/vc_column][vc_column width=&#8221;1\/4&#8243;][apus_location_banner image=&#8221;3647&#8243; location=&#8221;silivri&#8221; title=&#8221;Silivri&#8221;][\/vc_column][vc_column width=&#8221;1\/4&#8243;][apus_location_banner image=&#8221;3645&#8243; location=&#8221;sariyer&#8221; title=&#8221;Sar\u0131yer&#8221;][\/vc_column][vc_column width=&#8221;1\/4&#8243;][apus_location_banner image=&#8221;3650&#8243; location=&#8221;gaziosmanpasa&#8221; title=&#8221;Gaziosmanpa\u015fa&#8221;][\/vc_column][\/vc_row][vc_row][vc_column width=&#8221;1\/4&#8243;][apus_location_banner image=&#8221;9744&#8243; location=&#8221;eyupsultan&#8221; title=&#8221;Ey\u00fcpsultan&#8221;][\/vc_column][vc_column width=&#8221;1\/4&#8243;][apus_location_banner image=&#8221;9746&#8243; location=&#8221;fatih&#8221; title=&#8221;Fatih&#8221;][\/vc_column][vc_column width=&#8221;1\/4&#8243;][apus_location_banner image=&#8221;9750&#8243; location=&#8221;gungoren&#8221; title=&#8221;G\u00fcng\u00fcren&#8221;][\/vc_column][vc_column width=&#8221;1\/4&#8243;][apus_location_banner image=&#8221;9752&#8243; location=&#8221;tuzla&#8221; title=&#8221;Tuzla&#8221;][\/vc_column][\/vc_row][vc_row][vc_column width=&#8221;1\/4&#8243;][apus_location_banner image=&#8221;10309&#8243; location=&#8221;villa&#8221; title=&#8221;Villas&#8221;][\/vc_column][vc_column width=&#8221;1\/4&#8243;][apus_location_banner image=&#8221;11590&#8243; location=&#8221;sancaktepe&#8221; title=&#8221;Sancaktepe&#8221;][\/vc_column][vc_column width=&#8221;1\/4&#8243;][apus_location_banner image=&#8221;10310&#8243; location=&#8221;cekmekoy&#8221; title=&#8221;\u00c7ekmek\u00f6y&#8221;][\/vc_column][vc_column width=&#8221;1\/4&#8243;][apus_location_banner image=&#8221;10306&#8243; location=&#8221;yalova&#8221; title=&#8221;Yalova&#8221;][\/vc_column][\/vc_row][vc_row][vc_column width=&#8221;1\/4&#8243;][apus_location_banner image=&#8221;11588&#8243; location=&#8221;fatih&#8221; title=&#8221;Fatih&#8221;][\/vc_column][vc_column width=&#8221;1\/4&#8243;][apus_location_banner image=&#8221;11587&#8243; location=&#8221;eyupsultan&#8221; title=&#8221;Ey\u00fcp Sultan&#8221;][\/vc_column][vc_column width=&#8221;1\/4&#8243;][apus_location_banner image=&#8221;11586&#8243; location=&#8221;tuzla&#8221; title=&#8221;Tuzla&#8221;][\/vc_column][vc_column width=&#8221;1\/4&#8243;][apus_location_banner image=&#8221;11589&#8243; location=&#8221;gungoren&#8221; title=&#8221;G\u00fcng\u00f6ren&#8221;][\/vc_column][\/vc_row][vc_row full_width=&#8221;stretch_row&#8221; css=&#8221;.vc_custom_1636771384235{padding-top: 25px !important;padding-bottom: 25px !important;background-position: center !important;background-repeat: no-repeat !important;background-size: cover !important;}&#8221;][vc_column][vc_row_inner][vc_column_inner][vc_empty_space height=&#8221;75&#8243;][vc_custom_heading text=&#8221;\u0628\u0647\u062a\u0631\u06cc\u0646 \u062f\u0633\u062a\u0647 \u0628\u0646\u062f\u06cc \u0631\u0627 \u0628\u0631\u0627\u06cc \u062e\u0648\u062f \u0627\u0646\u062a\u062e\u0627\u0628 \u06a9\u0646\u06cc\u062f&#8221; font_container=&#8221;tag:h2|text_align:center|color:%230a0a0a&#8221; google_fonts=&#8221;font_family:Cabin%3Aregular%2Citalic%2C500%2C500italic%2C600%2C600italic%2C700%2C700italic|font_style:600%20bold%20regular%3A600%3Anormal&#8221;]<div id=\"ult-carousel-175523941269f5128233e2e\" class=\"ult-carousel-wrapper   ult_horizontal\" data-gutter=\"15\" data-rtl=\"false\" ><div class=\"ult-carousel-41899220369f51282334b1 \" >[vc_single_image image=&#8221;10121&#8243; img_size=&#8221;medium&#8221; add_caption=&#8221;yes&#8221; alignment=&#8221;center&#8221; onclick=&#8221;custom_link&#8221; link=&#8221;https:\/\/www.hayat-ist.com\/fa\/property-type\/residence\/&#8221;][vc_single_image image=&#8221;10116&#8243; img_size=&#8221;medium&#8221; alignment=&#8221;center&#8221; onclick=&#8221;custom_link&#8221; link=&#8221;https:\/\/www.hayat-ist.com\/fa\/property-type\/hotel-appartments\/&#8221;][vc_single_image image=&#8221;10122&#8243; img_size=&#8221;medium&#8221; alignment=&#8221;center&#8221; onclick=&#8221;custom_link&#8221; link=&#8221;https:\/\/www.hayat-ist.com\/fa\/shops\/&#8221;][vc_single_image image=&#8221;10169&#8243; img_size=&#8221;medium&#8221; alignment=&#8221;center&#8221; onclick=&#8221;custom_link&#8221; link=&#8221;https:\/\/www.hayat-ist.com\/fa\/property-type\/villa\/&#8221;]<\/div><\/div>\t\t\t<script type=\"text\/javascript\">\r\n\t\t\t\tjQuery(document).ready(function ($) {\r\n\t\t\t\t\tif( typeof jQuery('.ult-carousel-41899220369f51282334b1').slick == \"function\"){\r\n\t\t\t\t\t\t$('.ult-carousel-41899220369f51282334b1').slick({dots: true,autoplay: true,autoplaySpeed: 2000,speed: 1000,infinite: true,arrows: true,nextArrow: '<button type=\"button\" role=\"button\" aria-label=\"Next\" style=\"color:#333333; font-size:20px;\" class=\"slick-next default\"><i class=\"ultsl-arrow-right4\"><\/i><\/button>',prevArrow: '<button type=\"button\" role=\"button\" aria-label=\"Previous\" style=\"color:#333333; font-size:20px;\" class=\"slick-prev default\"><i class=\"ultsl-arrow-left4\"><\/i><\/button>',slidesToScroll:3,slidesToShow:3,swipe: true,draggable: true,touchMove: true,pauseOnHover: true,pauseOnFocus: false,responsive: [\r\n\t\t\t\t\t\t\t{\r\n\t\t\t\t\t\t\t  breakpoint: 1026,\r\n\t\t\t\t\t\t\t  settings: {\r\n\t\t\t\t\t\t\t\tslidesToShow: 3,\r\n\t\t\t\t\t\t\t\tslidesToScroll: 3,  \r\n\t\t\t\t\t\t\t  }\r\n\t\t\t\t\t\t\t},\r\n\t\t\t\t\t\t\t{\r\n\t\t\t\t\t\t\t  breakpoint: 1025,\r\n\t\t\t\t\t\t\t  settings: {\r\n\t\t\t\t\t\t\t\tslidesToShow: 3,\r\n\t\t\t\t\t\t\t\tslidesToScroll: 3\r\n\t\t\t\t\t\t\t  }\r\n\t\t\t\t\t\t\t},\r\n\t\t\t\t\t\t\t{\r\n\t\t\t\t\t\t\t  breakpoint: 760,\r\n\t\t\t\t\t\t\t  settings: {\r\n\t\t\t\t\t\t\t\tslidesToShow: 2,\r\n\t\t\t\t\t\t\t\tslidesToScroll: 2\r\n\t\t\t\t\t\t\t  }\r\n\t\t\t\t\t\t\t}\r\n\t\t\t\t\t\t],pauseOnDotsHover: true,customPaging: function(slider, i) {\r\n                   return '<i type=\"button\" style= \"color:#333333;\" class=\"ultsl-record\" data-role=\"none\"><\/i>';\r\n                },});\r\n\t\t\t\t\t}\r\n\t\t\t\t});\r\n\t\t\t<\/script>\r\n\t\t\t[\/vc_column_inner][\/vc_row_inner][\/vc_column][\/vc_row][vc_row full_width=&#8221;stretch_row&#8221; css=&#8221;.vc_custom_1637269839918{background-image: url(https:\/\/www.hayat-ist.com\/wp-content\/uploads\/2021\/01\/bg-counter-1.jpg?id=3314) !important;background-position: center !important;background-repeat: no-repeat !important;background-size: cover !important;}&#8221;][vc_column][vc_empty_space height=&#8221;50px&#8221; el_class=&#8221;hidden-sm hidden-xs&#8221;][vc_empty_space height=&#8221;50px&#8221;][vc_row_inner][vc_column_inner width=&#8221;1\/4&#8243;][apus_counter image=&#8221;2516&#8243; title=&#8221;\u067e\u0631\u0648\u0698\u0647 \u0647\u0627\u06cc \u0645\u0627&#8221; number=&#8221;365&#8243; text_color=&#8221;#ffffff&#8221;][\/vc_column_inner][vc_column_inner width=&#8221;1\/4&#8243;][apus_counter image=&#8221;2517&#8243; title=&#8221;\u0639\u0648\u0627\u0645\u0644 \u0645\u0627&#8221; number=&#8221;65&#8243; text_color=&#8221;#ffffff&#8221;][\/vc_column_inner][vc_column_inner width=&#8221;1\/4&#8243;][apus_counter image=&#8221;2518&#8243; title=&#8221;\u0645\u0639\u0627\u0645\u0644\u0627\u062a \u0645\u0648\u0641\u0642&#8221; number=&#8221;235&#8243; text_color=&#8221;#ffffff&#8221;][\/vc_column_inner][vc_column_inner width=&#8221;1\/4&#8243;][apus_counter image=&#8221;2519&#8243; title=&#8221;\u067e\u06cc\u0631\u0648\u0627\u0646&#8221; number=&#8221;21750&#8243; text_color=&#8221;#ffffff&#8221;][\/vc_column_inner][\/vc_row_inner][vc_empty_space height=&#8221;40px&#8221;][vc_empty_space height=&#8221;50px&#8221; el_class=&#8221;hidden-sm hidden-xs&#8221;][\/vc_column][\/vc_row][vc_row][vc_column][vc_empty_space height=&#8221;30px&#8221; el_class=&#8221;hidden-sm hidden-xs&#8221;][apus_title_heading descript=&#8221;Hayat ist \u0628\u0627 \u0628\u06cc\u0634 \u0627\u0632 200 \u0645\u0644\u06a9\u060c \u06af\u0632\u06cc\u0646\u0647 \u0647\u0627\u06cc \u0645\u062a\u0639\u062f\u062f \u0648 \u0645\u062a\u0645\u0627\u06cc\u0632 \u062f\u0631 \u062a\u0631\u06a9\u06cc\u0647 \u062f\u0627\u0631\u062f.&#8221; style=&#8221;style_center_big&#8221;]\u062e\u0648\u0627\u0635 \u062c\u062f\u06cc\u062f[\/apus_title_heading][vc_empty_space height=&#8221;40px&#8221;][apus_properties number=&#8221;3&#8243; columns=&#8221;3&#8243; style=&#8221;title-left&#8221;][vc_empty_space height=&#8221;40px&#8221;][\/vc_column][\/vc_row][vc_row full_width=&#8221;stretch_row&#8221; css=&#8221;.vc_custom_1636778461212{background-image: url(https:\/\/www.hayat-ist.com\/wp-content\/uploads\/2021\/11\/\u0634\u0642\u0642-\u0648-\u0641\u0644\u0644-\u0644\u0644\u0628\u064a\u0639-\u0641\u064a-\u0627\u0633\u0637\u0646\u0628\u0648\u0644-\u0627\u0644\u062d\u064a\u0627\u0629-\u0644\u0644\u0639\u0642\u0627\u0631\u0627\u062a-1.jpg?id=9368) !important;background-position: center !important;background-repeat: no-repeat !important;background-size: cover !important;}&#8221;][vc_column][vc_empty_space height=&#8221;15px&#8221;][apus_title_heading style=&#8221;style_center&#8221;]<\/p>\n<p style=\"text-align: center;\">\u0646\u0638\u0631\u0627\u062a \u0645\u0634\u062a\u0631\u06cc\u0627\u0646<\/p>\n<p>[\/apus_title_heading][vc_empty_space height=&#8221;70px&#8221; el_class=&#8221;hidden-sm hidden-xs&#8221;]<div id=\"ult-carousel-343623315569f5128233ef3\" class=\"ult-carousel-wrapper   ult_horizontal\" data-gutter=\"15\" data-rtl=\"false\" ><div class=\"ult-carousel-319888517469f5128233ebc \" >[vc_single_image image=&#8221;10133&#8243; img_size=&#8221;large&#8221; alignment=&#8221;center&#8221;][vc_single_image image=&#8221;10134&#8243; img_size=&#8221;large&#8221; alignment=&#8221;center&#8221;][vc_single_image image=&#8221;10135&#8243; img_size=&#8221;large&#8221; alignment=&#8221;center&#8221;][vc_single_image image=&#8221;10136&#8243; img_size=&#8221;large&#8221; alignment=&#8221;center&#8221;][vc_single_image image=&#8221;10137&#8243; img_size=&#8221;large&#8221; alignment=&#8221;center&#8221;][vc_single_image image=&#8221;10138&#8243; img_size=&#8221;large&#8221; alignment=&#8221;center&#8221;][vc_single_image image=&#8221;10139&#8243; img_size=&#8221;large&#8221; alignment=&#8221;center&#8221;]<\/div><\/div>\t\t\t<script type=\"text\/javascript\">\r\n\t\t\t\tjQuery(document).ready(function ($) {\r\n\t\t\t\t\tif( typeof jQuery('.ult-carousel-319888517469f5128233ebc').slick == \"function\"){\r\n\t\t\t\t\t\t$('.ult-carousel-319888517469f5128233ebc').slick({dots: true,autoplay: true,autoplaySpeed: 2500,speed: 2300,infinite: true,arrows: true,nextArrow: '<button type=\"button\" role=\"button\" aria-label=\"Next\" style=\"color:#333333; font-size:20px;\" class=\"slick-next default\"><i class=\"ultsl-arrow-right4\"><\/i><\/button>',prevArrow: '<button type=\"button\" role=\"button\" aria-label=\"Previous\" style=\"color:#333333; font-size:20px;\" class=\"slick-prev default\"><i class=\"ultsl-arrow-left4\"><\/i><\/button>',slidesToScroll:3,slidesToShow:3,swipe: true,draggable: true,touchMove: true,pauseOnHover: true,pauseOnFocus: false,responsive: [\r\n\t\t\t\t\t\t\t{\r\n\t\t\t\t\t\t\t  breakpoint: 1026,\r\n\t\t\t\t\t\t\t  settings: {\r\n\t\t\t\t\t\t\t\tslidesToShow: 3,\r\n\t\t\t\t\t\t\t\tslidesToScroll: 3,  \r\n\t\t\t\t\t\t\t  }\r\n\t\t\t\t\t\t\t},\r\n\t\t\t\t\t\t\t{\r\n\t\t\t\t\t\t\t  breakpoint: 1025,\r\n\t\t\t\t\t\t\t  settings: {\r\n\t\t\t\t\t\t\t\tslidesToShow: 1,\r\n\t\t\t\t\t\t\t\tslidesToScroll: 1\r\n\t\t\t\t\t\t\t  }\r\n\t\t\t\t\t\t\t},\r\n\t\t\t\t\t\t\t{\r\n\t\t\t\t\t\t\t  breakpoint: 760,\r\n\t\t\t\t\t\t\t  settings: {\r\n\t\t\t\t\t\t\t\tslidesToShow: 1,\r\n\t\t\t\t\t\t\t\tslidesToScroll: 1\r\n\t\t\t\t\t\t\t  }\r\n\t\t\t\t\t\t\t}\r\n\t\t\t\t\t\t],pauseOnDotsHover: true,customPaging: function(slider, i) {\r\n                   return '<i type=\"button\" style= \"color:#333333;\" class=\"ultsl-record\" data-role=\"none\"><\/i>';\r\n                },});\r\n\t\t\t\t\t}\r\n\t\t\t\t});\r\n\t\t\t<\/script>\r\n\t\t\t[vc_empty_space height=&#8221;50px&#8221;][vc_empty_space height=&#8221;70px&#8221; el_class=&#8221;hidden-sm hidden-xs&#8221;][\/vc_column][\/vc_row][vc_row full_width=&#8221;stretch_row&#8221; css=&#8221;.vc_custom_1628291236131{background-color: #f8f8f8 !important;}&#8221;][vc_column][vc_empty_space height=&#8221;70px&#8221; el_class=&#8221;hidden-sm hidden-xs&#8221;][vc_empty_space height=&#8221;15px&#8221;][apus_title_heading descript=&#8221;\u0627\u0632 \u0622\u062e\u0631\u06cc\u0646 \u0627\u062e\u0628\u0627\u0631 \u0627\u0645\u0644\u0627\u06a9 \u0648 \u0633\u0631\u0645\u0627\u06cc\u0647 \u06af\u0630\u0627\u0631\u06cc \u0645\u0637\u0644\u0639 \u0634\u0648\u06cc\u062f&#8221; style=&#8221;style_center_big&#8221;]\u0648\u0628\u0644\u0627\u06af \u0645\u0627[\/apus_title_heading][vc_empty_space height=&#8221;50px&#8221;][apus_gridposts grid_columns=&#8221;3&#8243; layout_type=&#8221;carousel&#8221; loop=&#8221;size:6|order_by:date|post_type:post&#8221;][vc_empty_space height=&#8221;70px&#8221; el_class=&#8221;hidden-sm hidden-xs&#8221;][\/vc_column][\/vc_row]<\/p>\n","protected":false},"excerpt":{"rendered":"<p>[vc_row full_width=&#8221;stretch_row_content&#8221;][vc_column][rev_slider_vc alias=&#8221;home1&#8243;][\/vc_column][\/vc_row][vc_row][vc_column][vc_row_inner el_class=&#8221;top-100&#8243;][vc_column_inner][vc_widget_sidebar sidebar_id=&#8221;search1_properties-sidebar&#8221;][\/vc_column_inner][\/vc_row_inner][vc_empty_space][vc_empty_space][\/vc_column][\/vc_row][vc_row css=&#8221;.vc_custom_1634699384339{margin-top: -25px !important;}&#8221;][vc_column][vc_empty_space height=&#8221;40px&#8221; el_class=&#8221;hidden-sm hidden-xs&#8221;][vc_empty_space height=&#8221;50px&#8221;][apus_title_heading descript=&#8221;\u0634\u0645\u0627 \u0645\u06cc \u062a\u0648\u0627\u0646\u06cc\u062f \u0686\u0646\u062f\u06cc\u0646 \u062f\u0633\u062a\u0647 \u0627\u0632 \u0645\u06a9\u0627\u0646 \u0647\u0627 \u0648 \u0634\u0647\u0631\u0647\u0627 \u0631\u0627 \u0628\u0631\u0627\u06cc \u0627\u0645\u0644\u0627\u06a9 \u0645\u0627 \u067e\u06cc\u062f\u0627 \u06a9\u0646\u06cc\u062f&#8221; style=&#8221;style_center_big&#8221;]\u067e\u0631\u0648\u0698\u0647 \u0647\u0627\u06cc \u0645\u0627[\/apus_title_heading][vc_empty_space height=&#8221;40px&#8221;][vc_row_inner][vc_column_inner width=&#8221;1\/3&#8243;][apus_location_banner image=&#8221;2859&#8243; location=&#8221;kucukcekmece&#8221; title=&#8221;K\u00fc\u00e7\u00fck\u00e7ekmece&#8221;][\/vc_column_inner][vc_column_inner width=&#8221;1\/3&#8243;][apus_location_banner image=&#8221;2861&#8243; location=&#8221;Avc\u0131lar&#8221; title=&#8221;Avc\u0131lar&#8221;][apus_location_banner image=&#8221;2862&#8243; location=&#8221;basaksehir&#8221; title=&#8221;Ba\u015fak\u015fehir&#8221;][\/vc_column_inner][vc_column_inner width=&#8221;1\/3&#8243;][apus_location_banner image=&#8221;2863&#8243; location=&#8221;beylikduzu&#8221; title=&#8221;Beyl\u0131kd\u00fcz\u00fc&#8221;][\/vc_column_inner][\/vc_row_inner][vc_row_inner][vc_column_inner width=&#8221;1\/3&#8243;][apus_location_banner location=&#8221;Esenyurt&#8221; title=&#8221;Esenyurt&#8221; image=&#8221;14696&#8243;][\/vc_column_inner][vc_column_inner width=&#8221;1\/3&#8243;][apus_location_banner location=&#8221;arnavutkoy&#8221; title=&#8221;Arnavutk\u00f6y&#8221; image=&#8221;14695&#8243;][\/vc_column_inner][vc_column_inner &hellip; <br \/><a href=\"https:\/\/www.hayat-ist.com\/fa\/\" class=\"more-link\">Continue reading <span class=\"screen-reader-text\">\u0635\u0641\u062d\u0647 \u0646\u062e\u0633\u062a<\/span><\/a><\/p>\n","protected":false},"author":2,"featured_media":0,"parent":0,"menu_order":0,"comment_status":"closed","ping_status":"closed","template":"","meta":{"_joinchat":[],"footnotes":""},"class_list":["post-3227","page","type-page","status-publish","hentry"],"yoast_head":"<!-- This site is optimized with the Yoast SEO plugin v26.7 - https:\/\/yoast.com\/wordpress\/plugins\/seo\/ -->\n<title>\u0635\u0641\u062d\u0647 \u0646\u062e\u0633\u062a - Hayat Consulting<\/title>\n<meta name=\"description\" content=\"Hayat Real Estate &amp; Consultant Company\" \/>\n<meta name=\"robots\" content=\"index, follow, max-snippet:-1, max-image-preview:large, max-video-preview:-1\" \/>\n<link rel=\"canonical\" href=\"https:\/\/www.hayat-ist.com\/fa\/\" \/>\n<meta property=\"og:locale\" content=\"en_US\" \/>\n<meta property=\"og:type\" content=\"article\" \/>\n<meta property=\"og:title\" content=\"\u0635\u0641\u062d\u0647 \u0646\u062e\u0633\u062a - Hayat Consulting\" \/>\n<meta property=\"og:description\" content=\"Hayat Real Estate &amp; Consultant Company\" \/>\n<meta property=\"og:url\" content=\"https:\/\/www.hayat-ist.com\/fa\/\" \/>\n<meta property=\"og:site_name\" content=\"Hayat Consulting\" \/>\n<meta property=\"article:modified_time\" content=\"2023-04-30T08:30:00+00:00\" \/>\n<meta name=\"twitter:card\" content=\"summary_large_image\" \/>\n<meta name=\"twitter:label1\" content=\"Est. reading time\" \/>\n\t<meta name=\"twitter:data1\" content=\"2 minutes\" \/>\n<script type=\"application\/ld+json\" class=\"yoast-schema-graph\">{\"@context\":\"https:\/\/schema.org\",\"@graph\":[{\"@type\":\"WebPage\",\"@id\":\"https:\/\/www.hayat-ist.com\/fa\/\",\"url\":\"https:\/\/www.hayat-ist.com\/fa\/\",\"name\":\"\u0635\u0641\u062d\u0647 \u0646\u062e\u0633\u062a - Hayat Consulting\",\"isPartOf\":{\"@id\":\"https:\/\/www.hayat-ist.com\/fa\/#website\"},\"datePublished\":\"2017-06-01T09:16:42+00:00\",\"dateModified\":\"2023-04-30T08:30:00+00:00\",\"description\":\"Hayat Real Estate & Consultant Company\",\"breadcrumb\":{\"@id\":\"https:\/\/www.hayat-ist.com\/fa\/#breadcrumb\"},\"inLanguage\":\"en\",\"potentialAction\":[{\"@type\":\"ReadAction\",\"target\":[\"https:\/\/www.hayat-ist.com\/fa\/\"]}]},{\"@type\":\"BreadcrumbList\",\"@id\":\"https:\/\/www.hayat-ist.com\/fa\/#breadcrumb\",\"itemListElement\":[{\"@type\":\"ListItem\",\"position\":1,\"name\":\"Home\",\"item\":\"https:\/\/www.hayat-ist.com\/fa\/\"},{\"@type\":\"ListItem\",\"position\":2,\"name\":\"\u0635\u0641\u062d\u0647 \u0646\u062e\u0633\u062a\"}]},{\"@type\":\"WebSite\",\"@id\":\"https:\/\/www.hayat-ist.com\/fa\/#website\",\"url\":\"https:\/\/www.hayat-ist.com\/fa\/\",\"name\":\"Hayat Consulting\",\"description\":\"Hayat Consulting\",\"potentialAction\":[{\"@type\":\"SearchAction\",\"target\":{\"@type\":\"EntryPoint\",\"urlTemplate\":\"https:\/\/www.hayat-ist.com\/fa\/?s={search_term_string}\"},\"query-input\":{\"@type\":\"PropertyValueSpecification\",\"valueRequired\":true,\"valueName\":\"search_term_string\"}}],\"inLanguage\":\"en\"}]}<\/script>\n<!-- \/ Yoast SEO plugin. -->","yoast_head_json":{"title":"\u0635\u0641\u062d\u0647 \u0646\u062e\u0633\u062a - Hayat Consulting","description":"Hayat Real Estate & Consultant Company","robots":{"index":"index","follow":"follow","max-snippet":"max-snippet:-1","max-image-preview":"max-image-preview:large","max-video-preview":"max-video-preview:-1"},"canonical":"https:\/\/www.hayat-ist.com\/fa\/","og_locale":"en_US","og_type":"article","og_title":"\u0635\u0641\u062d\u0647 \u0646\u062e\u0633\u062a - Hayat Consulting","og_description":"Hayat Real Estate & Consultant Company","og_url":"https:\/\/www.hayat-ist.com\/fa\/","og_site_name":"Hayat Consulting","article_modified_time":"2023-04-30T08:30:00+00:00","twitter_card":"summary_large_image","twitter_misc":{"Est. reading time":"2 minutes"},"schema":{"@context":"https:\/\/schema.org","@graph":[{"@type":"WebPage","@id":"https:\/\/www.hayat-ist.com\/fa\/","url":"https:\/\/www.hayat-ist.com\/fa\/","name":"\u0635\u0641\u062d\u0647 \u0646\u062e\u0633\u062a - Hayat Consulting","isPartOf":{"@id":"https:\/\/www.hayat-ist.com\/fa\/#website"},"datePublished":"2017-06-01T09:16:42+00:00","dateModified":"2023-04-30T08:30:00+00:00","description":"Hayat Real Estate & Consultant Company","breadcrumb":{"@id":"https:\/\/www.hayat-ist.com\/fa\/#breadcrumb"},"inLanguage":"en","potentialAction":[{"@type":"ReadAction","target":["https:\/\/www.hayat-ist.com\/fa\/"]}]},{"@type":"BreadcrumbList","@id":"https:\/\/www.hayat-ist.com\/fa\/#breadcrumb","itemListElement":[{"@type":"ListItem","position":1,"name":"Home","item":"https:\/\/www.hayat-ist.com\/fa\/"},{"@type":"ListItem","position":2,"name":"\u0635\u0641\u062d\u0647 \u0646\u062e\u0633\u062a"}]},{"@type":"WebSite","@id":"https:\/\/www.hayat-ist.com\/fa\/#website","url":"https:\/\/www.hayat-ist.com\/fa\/","name":"Hayat Consulting","description":"Hayat Consulting","potentialAction":[{"@type":"SearchAction","target":{"@type":"EntryPoint","urlTemplate":"https:\/\/www.hayat-ist.com\/fa\/?s={search_term_string}"},"query-input":{"@type":"PropertyValueSpecification","valueRequired":true,"valueName":"search_term_string"}}],"inLanguage":"en"}]}},"_links":{"self":[{"href":"https:\/\/www.hayat-ist.com\/fa\/wp-json\/wp\/v2\/pages\/3227","targetHints":{"allow":["GET"]}}],"collection":[{"href":"https:\/\/www.hayat-ist.com\/fa\/wp-json\/wp\/v2\/pages"}],"about":[{"href":"https:\/\/www.hayat-ist.com\/fa\/wp-json\/wp\/v2\/types\/page"}],"author":[{"embeddable":true,"href":"https:\/\/www.hayat-ist.com\/fa\/wp-json\/wp\/v2\/users\/2"}],"replies":[{"embeddable":true,"href":"https:\/\/www.hayat-ist.com\/fa\/wp-json\/wp\/v2\/comments?post=3227"}],"version-history":[{"count":0,"href":"https:\/\/www.hayat-ist.com\/fa\/wp-json\/wp\/v2\/pages\/3227\/revisions"}],"wp:attachment":[{"href":"https:\/\/www.hayat-ist.com\/fa\/wp-json\/wp\/v2\/media?parent=3227"}],"curies":[{"name":"wp","href":"https:\/\/api.w.org\/{rel}","templated":true}]}}